{"id":868,"date":"2024-08-06T15:19:10","date_gmt":"2024-08-06T15:19:10","guid":{"rendered":"https:\/\/itouchrelief.com\/product\/md-9\/"},"modified":"2024-08-06T15:19:10","modified_gmt":"2024-08-06T15:19:10","slug":"md-9","status":"publish","type":"product","link":"https:\/\/itouchrelief.com\/es\/producto\/md-9\/","title":{"rendered":"MD-9"},"content":{"rendered":"<p><strong>Beneficios:<\/strong><br \/>\n<strong>Alivio Efectivo del Dolor:<\/strong> Alivia los m\u00fasculos adoloridos y reduce el dolor utilizando la Estimulaci\u00f3n Nerviosa El\u00e9ctrica Transcut\u00e1nea (TENS).<br \/>\n<strong>Mejora del Rendimiento Muscular:<\/strong> Optimiza y facilita el rendimiento muscular con la tecnolog\u00eda de Estimulaci\u00f3n El\u00e9ctrica Muscular (EMS).<br \/>\n<strong>Conveniencia:<\/strong> Alivia el dolor y mejora el rendimiento muscular sin necesidad de medicamentos ni efectos secundarios, desde la comodidad de tu hogar.<br \/>\n<strong>Calienta los m\u00fasculos antes de practicar o jugar para ayudar a prevenir lesiones.<\/strong><br \/>\n<strong>Mejora el rendimiento muscular durante los entrenamientos.<\/strong><br \/>\n<strong>Aumenta el flujo sangu\u00edneo en los m\u00fasculos adoloridos o cansados para acelerar la recuperaci\u00f3n.<\/strong><\/p>\n<p><strong>Uso Vers\u00e1til:<\/strong><br \/>\nPero los atletas no son los \u00fanicos que pueden beneficiarse del MD-9. Trabajadores de oficina, obreros y personas comunes pueden utilizar la tecnolog\u00eda TENS y EMS para mejorar la circulaci\u00f3n sangu\u00ednea y revitalizar su energ\u00eda con los pulsos terap\u00e9uticos que despliega el MD-9.<\/p>\n<p><strong>\u00bfQu\u00e9 incluye?<\/strong><\/p>\n<ul>\n<li>1 Dispositivo MD-9<\/li>\n<li>1 Set de Almohadillas Adhesivas Grandes de un solo lado<\/li>\n<li>1 Set de Almohadillas Adhesivas XL de un solo lado<\/li>\n<li>2 Cables de Electrodos<\/li>\n<li>Cable USB<\/li>\n<li>Adaptador AC\/DC (Cargador de Viaje)<\/li>\n<li>Manual del Usuario<\/li>\n<li>Soporte para Almohadillas<\/li>\n<li>Tarjeta de Garant\u00eda<\/li>\n<\/ul>\n<p><strong>\u00bfPor qu\u00e9 elegir el MD-9?<\/strong><br \/>\nEn ITOUCH RELIEF, estamos dedicados a proporcionar soluciones innovadoras y efectivas para el manejo del dolor. El Dispositivo Avanzado TENS\/EMS MD-9 est\u00e1 dise\u00f1ado para ofrecer un rendimiento excepcional y conveniencia, asegurando que puedas manejar tu dolor de manera efectiva sin interrumpir tu rutina diaria. Di adi\u00f3s al dolor cr\u00f3nico y toma el control de tu vida con nuestra avanzada tecnolog\u00eda TENS y EMS.<\/p>\n","protected":false},"excerpt":{"rendered":"<p>Descubre el futuro del alivio del dolor y la estimulaci\u00f3n muscular con el MD-9. Este innovador dispositivo cuenta con una gama de modos personalizables, canales de salida duales y una variedad de funciones dise\u00f1adas para proporcionar una terapia efectiva y conveniente.<\/p>\n<p><strong>Caracter\u00edsticas clave de los 12 Modos (6 TENS, 6 EMS):<\/strong><br \/>\n<strong>Canales de Salida Dual:<\/strong> Usa la misma modalidad en ambos canales con diferentes niveles de intensidad para un tratamiento espec\u00edfico.<br \/>\n<strong>Temporizador Ajustable:<\/strong> Configura la duraci\u00f3n de tus sesiones de terapia seg\u00fan tus necesidades.<br \/>\n<strong>Pantalla LCD Iluminada:<\/strong> Navega y controla f\u00e1cilmente tu terapia con la pantalla iluminada y clara.<br \/>\n<strong>Bater\u00eda de Litio Recargable Incorporada:<\/strong> Disfruta de una larga duraci\u00f3n y comodidad con la bater\u00eda recargable.<\/p>\n","protected":false},"featured_media":758,"comment_status":"closed","ping_status":"closed","template":"","meta":{"site-sidebar-layout":"default","site-content-layout":"","ast-site-content-layout":"default","site-content-style":"default","site-sidebar-style":"default","ast-global-header-display":"","ast-banner-title-visibility":"","ast-main-header-display":"","ast-hfb-above-header-display":"","ast-hfb-below-header-display":"","ast-hfb-mobile-header-display":"","site-post-title":"","ast-breadcrumbs-content":"","ast-featured-img":"","footer-sml-layout":"","ast-disable-related-posts":"","theme-transparent-header-meta":"","adv-header-id-meta":"","stick-header-meta":"","header-above-stick-meta":"","header-main-stick-meta":"","header-below-stick-meta":"","astra-migrate-meta-layouts":"default","ast-page-background-enabled":"default","ast-page-background-meta":{"desktop":{"background-color":"var(--ast-global-color-4)","background-image":"","background-repeat":"repeat","background-position":"center center","background-size":"auto","background-attachment":"scroll","background-type":"","background-media":"","overlay-type":"","overlay-color":"","overlay-opacity":"","overlay-gradient":""},"tablet":{"background-color":"","background-image":"","background-repeat":"repeat","background-position":"center center","background-size":"auto","background-attachment":"scroll","background-type":"","background-media":"","overlay-type":"","overlay-color":"","overlay-opacity":"","overlay-gradient":""},"mobile":{"background-color":"","background-image":"","background-repeat":"repeat","background-position":"center center","background-size":"auto","background-attachment":"scroll","background-type":"","background-media":"","overlay-type":"","overlay-color":"","overlay-opacity":"","overlay-gradient":""}},"ast-content-background-meta":{"desktop":{"background-color":"var(--ast-global-color-5)","background-image":"","background-repeat":"repeat","background-position":"center center","background-size":"auto","background-attachment":"scroll","background-type":"","background-media":"","overlay-type":"","overlay-color":"","overlay-opacity":"","overlay-gradient":""},"tablet":{"background-color":"var(--ast-global-color-5)","background-image":"","background-repeat":"repeat","background-position":"center center","background-size":"auto","background-attachment":"scroll","background-type":"","background-media":"","overlay-type":"","overlay-color":"","overlay-opacity":"","overlay-gradient":""},"mobile":{"background-color":"var(--ast-global-color-5)","background-image":"","background-repeat":"repeat","background-position":"center center","background-size":"auto","background-attachment":"scroll","background-type":"","background-media":"","overlay-type":"","overlay-color":"","overlay-opacity":"","overlay-gradient":""}}},"product_brand":[],"product_cat":[39],"product_tag":[],"class_list":{"0":"post-868","1":"product","2":"type-product","3":"status-publish","4":"has-post-thumbnail","6":"product_cat-dispositivos-es","7":"desktop-align-left","8":"tablet-align-left","9":"mobile-align-left","11":"first","12":"instock","13":"taxable","14":"shipping-taxable","15":"purchasable","16":"product-type-simple"},"_links":{"self":[{"href":"https:\/\/itouchrelief.com\/es\/wp-json\/wp\/v2\/product\/868","targetHints":{"allow":["GET"]}}],"collection":[{"href":"https:\/\/itouchrelief.com\/es\/wp-json\/wp\/v2\/product"}],"about":[{"href":"https:\/\/itouchrelief.com\/es\/wp-json\/wp\/v2\/types\/product"}],"replies":[{"embeddable":true,"href":"https:\/\/itouchrelief.com\/es\/wp-json\/wp\/v2\/comments?post=868"}],"wp:featuredmedia":[{"embeddable":true,"href":"https:\/\/itouchrelief.com\/es\/wp-json\/wp\/v2\/media\/758"}],"wp:attachment":[{"href":"https:\/\/itouchrelief.com\/es\/wp-json\/wp\/v2\/media?parent=868"}],"wp:term":[{"taxonomy":"product_brand","embeddable":true,"href":"https:\/\/itouchrelief.com\/es\/wp-json\/wp\/v2\/product_brand?post=868"},{"taxonomy":"product_cat","embeddable":true,"href":"https:\/\/itouchrelief.com\/es\/wp-json\/wp\/v2\/product_cat?post=868"},{"taxonomy":"product_tag","embeddable":true,"href":"https:\/\/itouchrelief.com\/es\/wp-json\/wp\/v2\/product_tag?post=868"}],"curies":[{"name":"wp","href":"https:\/\/api.w.org\/{rel}","templated":true}]}}