{"id":864,"date":"2024-09-13T18:39:29","date_gmt":"2024-09-13T18:39:29","guid":{"rendered":"https:\/\/itouchrelief.com\/product\/cinturon\/"},"modified":"2024-09-13T18:39:29","modified_gmt":"2024-09-13T18:39:29","slug":"cinturon","status":"publish","type":"product","link":"https:\/\/itouchrelief.com\/es\/producto\/cinturon\/","title":{"rendered":"Cintur\u00f3n"},"content":{"rendered":"<p><strong>Presentando el Cintur\u00f3n ITouch Relief<\/strong><\/p>\n<p>Experimenta lo \u00faltimo en terapia muscular con el Cintur\u00f3n ITouch Relief. Dise\u00f1ado para usarse sin costuras debajo de la ropa, ofrece una superior transpirabilidad y se adapta perfectamente a los contornos de tu cuerpo para una comodidad inigualable. Con cierres de velcro f\u00e1ciles de usar, el Cintur\u00f3n ITouch Relief es tu compa\u00f1ero ideal para un alivio muscular efectivo.<\/p>\n<p><strong>Alivio del Dolor Personalizado<\/strong><br \/>\nPersonaliza tu terapia para enfocar grupos musculares espec\u00edficos y lograr un alivio \u00f3ptimo del dolor.<\/p>\n<p><strong>Comodidad Invisible<\/strong><br \/>\n\u00dasalo discretamente debajo de tu ropa para una experiencia c\u00f3moda y de perfil bajo dondequiera que vayas.<\/p>\n<p><strong>Comodidad Superior<\/strong><br \/>\nLa transpirabilidad mejorada y un ajuste contorneado aseguran una comodidad duradera durante su uso.<\/p>\n<p><strong>Ajuste F\u00e1cil<\/strong><br \/>\nLos cierres de velcro permiten ajustes r\u00e1pidos y seguros, proporcionando un ajuste personalizado en todo momento.<\/p>\n<p><strong>Aplicaci\u00f3n Vers\u00e1til<\/strong><br \/>\nPerfecto para aliviar el dolor en la parte baja de la espalda, caderas, hombros, cu\u00e1driceps, abdomen, brazos superiores y piernas.<\/p>\n<p><strong>Qu\u00e9 Incluye<\/strong><\/p>\n<ul>\n<li><strong>Cintur\u00f3n ITouch Relief<\/strong><\/li>\n<li><strong>Dos Correas Ajustables:<\/strong> Corta (29 cm) y Larga (89 cm)<\/li>\n<li><strong>Spray Conductor<\/strong> (5 mL)<\/li>\n<\/ul>\n","protected":false},"excerpt":{"rendered":"<p>Presentando el Cintur\u00f3n ITouch Relief Experimenta lo \u00faltimo en terapia muscular con el Cintur\u00f3n ITouch Relief. Dise\u00f1ado para usarse sin [&hellip;]<\/p>\n","protected":false},"featured_media":848,"comment_status":"open","ping_status":"closed","template":"","meta":{"site-sidebar-layout":"default","site-content-layout":"","ast-site-content-layout":"default","site-content-style":"default","site-sidebar-style":"default","ast-global-header-display":"","ast-banner-title-visibility":"","ast-main-header-display":"","ast-hfb-above-header-display":"","ast-hfb-below-header-display":"","ast-hfb-mobile-header-display":"","site-post-title":"","ast-breadcrumbs-content":"","ast-featured-img":"","footer-sml-layout":"","ast-disable-related-posts":"","theme-transparent-header-meta":"","adv-header-id-meta":"","stick-header-meta":"","header-above-stick-meta":"","header-main-stick-meta":"","header-below-stick-meta":"","astra-migrate-meta-layouts":"default","ast-page-background-enabled":"default","ast-page-background-meta":{"desktop":{"background-color":"var(--ast-global-color-4)","background-image":"","background-repeat":"repeat","background-position":"center center","background-size":"auto","background-attachment":"scroll","background-type":"","background-media":"","overlay-type":"","overlay-color":"","overlay-opacity":"","overlay-gradient":""},"tablet":{"background-color":"","background-image":"","background-repeat":"repeat","background-position":"center center","background-size":"auto","background-attachment":"scroll","background-type":"","background-media":"","overlay-type":"","overlay-color":"","overlay-opacity":"","overlay-gradient":""},"mobile":{"background-color":"","background-image":"","background-repeat":"repeat","background-position":"center center","background-size":"auto","background-attachment":"scroll","background-type":"","background-media":"","overlay-type":"","overlay-color":"","overlay-opacity":"","overlay-gradient":""}},"ast-content-background-meta":{"desktop":{"background-color":"var(--ast-global-color-5)","background-image":"","background-repeat":"repeat","background-position":"center center","background-size":"auto","background-attachment":"scroll","background-type":"","background-media":"","overlay-type":"","overlay-color":"","overlay-opacity":"","overlay-gradient":""},"tablet":{"background-color":"var(--ast-global-color-5)","background-image":"","background-repeat":"repeat","background-position":"center center","background-size":"auto","background-attachment":"scroll","background-type":"","background-media":"","overlay-type":"","overlay-color":"","overlay-opacity":"","overlay-gradient":""},"mobile":{"background-color":"var(--ast-global-color-5)","background-image":"","background-repeat":"repeat","background-position":"center center","background-size":"auto","background-attachment":"scroll","background-type":"","background-media":"","overlay-type":"","overlay-color":"","overlay-opacity":"","overlay-gradient":""}}},"product_brand":[],"product_cat":[37],"product_tag":[],"class_list":{"0":"post-864","1":"product","2":"type-product","3":"status-publish","4":"has-post-thumbnail","6":"product_cat-accesorios-es","7":"desktop-align-left","8":"tablet-align-left","9":"mobile-align-left","11":"first","12":"instock","13":"taxable","14":"shipping-taxable","15":"purchasable","16":"product-type-simple"},"_links":{"self":[{"href":"https:\/\/itouchrelief.com\/es\/wp-json\/wp\/v2\/product\/864","targetHints":{"allow":["GET"]}}],"collection":[{"href":"https:\/\/itouchrelief.com\/es\/wp-json\/wp\/v2\/product"}],"about":[{"href":"https:\/\/itouchrelief.com\/es\/wp-json\/wp\/v2\/types\/product"}],"replies":[{"embeddable":true,"href":"https:\/\/itouchrelief.com\/es\/wp-json\/wp\/v2\/comments?post=864"}],"wp:featuredmedia":[{"embeddable":true,"href":"https:\/\/itouchrelief.com\/es\/wp-json\/wp\/v2\/media\/848"}],"wp:attachment":[{"href":"https:\/\/itouchrelief.com\/es\/wp-json\/wp\/v2\/media?parent=864"}],"wp:term":[{"taxonomy":"product_brand","embeddable":true,"href":"https:\/\/itouchrelief.com\/es\/wp-json\/wp\/v2\/product_brand?post=864"},{"taxonomy":"product_cat","embeddable":true,"href":"https:\/\/itouchrelief.com\/es\/wp-json\/wp\/v2\/product_cat?post=864"},{"taxonomy":"product_tag","embeddable":true,"href":"https:\/\/itouchrelief.com\/es\/wp-json\/wp\/v2\/product_tag?post=864"}],"curies":[{"name":"wp","href":"https:\/\/api.w.org\/{rel}","templated":true}]}}