{"id":862,"date":"2024-08-06T14:58:16","date_gmt":"2024-08-06T14:58:16","guid":{"rendered":"https:\/\/itouchrelief.com\/product\/envoltura-para-codo\/"},"modified":"2024-09-16T20:15:05","modified_gmt":"2024-09-16T20:15:05","slug":"envoltura-para-codo","status":"publish","type":"product","link":"https:\/\/itouchrelief.com\/es\/producto\/envoltura-para-codo\/","title":{"rendered":"Envoltura para Codo"},"content":{"rendered":"","protected":false},"excerpt":{"rendered":"<p><strong>Experimenta Alivio Espec\u00edfico para el Dolor de Codo<\/strong><br \/>\nPresentamos la envoltura para codo iTouch Relief, dise\u00f1ada para transmitir pulsos TENS a los grupos de nervios alrededor del codo, proporcionando un alivio temporal efectivo del dolor. La terapia TENS funciona interrumpiendo las se\u00f1ales de dolor enviadas por los nervios al cerebro, ofreciendo alivio terap\u00e9utico. La envoltura para codo iTouch Relief permite un amplio rango de movimiento, brind\u00e1ndote la libertad de moverte mientras te beneficias de la terapia TENS.<\/p>\n<p><strong>Caracter\u00edsticas Principales:<\/strong><br \/>\n<strong>Mant\u00e9n la Movilidad:<\/strong> Disfruta de un rango completo de movimiento mientras recibes los beneficios de la terapia TENS con la envoltura para codo activada por TENS de iTouch Relief.<br \/>\n<strong>Compatibilidad con Dispositivos:<\/strong> Compatible con tu dispositivo TENS iTouch Relief o cualquier dispositivo TENS con conector de broche.<br \/>\n<strong>Alivio Instant\u00e1neo del Dolor:<\/strong> Se enfoca en el nervio ulnar principal que recorre la regi\u00f3n del brazo y el codo para un alivio inmediato del dolor.<br \/>\n<strong>Terapia Personalizable:<\/strong> Experimenta con tu dispositivo TENS iTouch Relief para encontrar la configuraci\u00f3n de terapia \u00f3ptima para tu envoltura de codo.<\/p>\n","protected":false},"featured_media":726,"comment_status":"closed","ping_status":"closed","template":"","meta":{"site-sidebar-layout":"default","site-content-layout":"","ast-site-content-layout":"default","site-content-style":"default","site-sidebar-style":"default","ast-global-header-display":"","ast-banner-title-visibility":"","ast-main-header-display":"","ast-hfb-above-header-display":"","ast-hfb-below-header-display":"","ast-hfb-mobile-header-display":"","site-post-title":"","ast-breadcrumbs-content":"","ast-featured-img":"","footer-sml-layout":"","ast-disable-related-posts":"","theme-transparent-header-meta":"","adv-header-id-meta":"","stick-header-meta":"","header-above-stick-meta":"","header-main-stick-meta":"","header-below-stick-meta":"","astra-migrate-meta-layouts":"default","ast-page-background-enabled":"default","ast-page-background-meta":{"desktop":{"background-color":"var(--ast-global-color-4)","background-image":"","background-repeat":"repeat","background-position":"center center","background-size":"auto","background-attachment":"scroll","background-type":"","background-media":"","overlay-type":"","overlay-color":"","overlay-opacity":"","overlay-gradient":""},"tablet":{"background-color":"","background-image":"","background-repeat":"repeat","background-position":"center center","background-size":"auto","background-attachment":"scroll","background-type":"","background-media":"","overlay-type":"","overlay-color":"","overlay-opacity":"","overlay-gradient":""},"mobile":{"background-color":"","background-image":"","background-repeat":"repeat","background-position":"center center","background-size":"auto","background-attachment":"scroll","background-type":"","background-media":"","overlay-type":"","overlay-color":"","overlay-opacity":"","overlay-gradient":""}},"ast-content-background-meta":{"desktop":{"background-color":"var(--ast-global-color-5)","background-image":"","background-repeat":"repeat","background-position":"center center","background-size":"auto","background-attachment":"scroll","background-type":"","background-media":"","overlay-type":"","overlay-color":"","overlay-opacity":"","overlay-gradient":""},"tablet":{"background-color":"var(--ast-global-color-5)","background-image":"","background-repeat":"repeat","background-position":"center center","background-size":"auto","background-attachment":"scroll","background-type":"","background-media":"","overlay-type":"","overlay-color":"","overlay-opacity":"","overlay-gradient":""},"mobile":{"background-color":"var(--ast-global-color-5)","background-image":"","background-repeat":"repeat","background-position":"center center","background-size":"auto","background-attachment":"scroll","background-type":"","background-media":"","overlay-type":"","overlay-color":"","overlay-opacity":"","overlay-gradient":""}}},"product_brand":[],"product_cat":[37],"product_tag":[],"class_list":{"0":"post-862","1":"product","2":"type-product","3":"status-publish","4":"has-post-thumbnail","6":"product_cat-accesorios-es","7":"desktop-align-left","8":"tablet-align-left","9":"mobile-align-left","11":"first","12":"instock","13":"taxable","14":"shipping-taxable","15":"purchasable","16":"product-type-simple"},"_links":{"self":[{"href":"https:\/\/itouchrelief.com\/es\/wp-json\/wp\/v2\/product\/862","targetHints":{"allow":["GET"]}}],"collection":[{"href":"https:\/\/itouchrelief.com\/es\/wp-json\/wp\/v2\/product"}],"about":[{"href":"https:\/\/itouchrelief.com\/es\/wp-json\/wp\/v2\/types\/product"}],"replies":[{"embeddable":true,"href":"https:\/\/itouchrelief.com\/es\/wp-json\/wp\/v2\/comments?post=862"}],"wp:featuredmedia":[{"embeddable":true,"href":"https:\/\/itouchrelief.com\/es\/wp-json\/wp\/v2\/media\/726"}],"wp:attachment":[{"href":"https:\/\/itouchrelief.com\/es\/wp-json\/wp\/v2\/media?parent=862"}],"wp:term":[{"taxonomy":"product_brand","embeddable":true,"href":"https:\/\/itouchrelief.com\/es\/wp-json\/wp\/v2\/product_brand?post=862"},{"taxonomy":"product_cat","embeddable":true,"href":"https:\/\/itouchrelief.com\/es\/wp-json\/wp\/v2\/product_cat?post=862"},{"taxonomy":"product_tag","embeddable":true,"href":"https:\/\/itouchrelief.com\/es\/wp-json\/wp\/v2\/product_tag?post=862"}],"curies":[{"name":"wp","href":"https:\/\/api.w.org\/{rel}","templated":true}]}}