{"id":859,"date":"2024-08-06T14:58:18","date_gmt":"2024-08-06T14:58:18","guid":{"rendered":"https:\/\/itouchrelief.com\/product\/almohadillas-de-yoga\/"},"modified":"2024-09-16T20:12:33","modified_gmt":"2024-09-16T20:12:33","slug":"almohadillas-de-yoga","status":"publish","type":"product","link":"https:\/\/itouchrelief.com\/es\/producto\/almohadillas-de-yoga\/","title":{"rendered":"Almohadillas de Yoga"},"content":{"rendered":"<p>Explora las opciones de paquetes en el men\u00fa desplegable a continuaci\u00f3n.<br \/>\n<strong>Beneficios para el Bienestar:<\/strong><\/p>\n<ul>\n<li>Mejora la calidad del sue\u00f1o<\/li>\n<li>Reduce las molestias y el dolor en los pies<\/li>\n<li>Acelera la recuperaci\u00f3n para atletas<\/li>\n<li>Disminuye los niveles de estr\u00e9s al equilibrar el cortisol<\/li>\n<li>Disminuye la inflamaci\u00f3n para una salud general<\/li>\n<li>Fortalece los ligamentos y tendones<\/li>\n<li>Revitaliza pies cansados<\/li>\n<li>Mejora la circulaci\u00f3n sangu\u00ednea<\/li>\n<\/ul>\n<p><strong>Especificaciones del Producto:<\/strong><\/p>\n<ul>\n<li>Dimensiones (LxA): 10.75\u2033 x 4.75\u2033<\/li>\n<li>Material: Goma de silicona duradera y amigable con la piel<\/li>\n<li>Peso: 7 oz<\/li>\n<\/ul>\n<p><strong>Incluye:<\/strong><\/p>\n<ul>\n<li>Juego de Almohadillas de Yoga iTouch Relief<\/li>\n<\/ul>\n","protected":false},"excerpt":{"rendered":"<p><strong>Transforma la Salud de tus Pies<\/strong><br \/>\nEntra en una nueva era de bienestar para tus pies con las Almohadillas de Yoga de iTouch Relief. Combinando tecnolog\u00eda innovadora de estimulaci\u00f3n bioel\u00e9ctrica (TENS+EMS) con un cuidado pr\u00e1ctico para los pies, estas almohadillas est\u00e1n dise\u00f1adas para fortalecer tus pies, aliviar molestias y apoyar la recuperaci\u00f3n. Haz que la salud de tus pies sea una parte sencilla de tu rutina diaria.<\/p>\n<p><strong>Caracter\u00edsticas Principales:<\/strong><br \/>\n<strong>Alivio Integral para los Pies:<\/strong> Dirigido a pies, tobillos, pantorrillas, espinillas y muslos con un dise\u00f1o ergon\u00f3mico y elegante. Proporciona un alivio efectivo para condiciones como pies cansados\/doloridos, fascitis plantar, neuropat\u00eda e hinchaz\u00f3n.<br \/>\n<strong>Alta Calidad y Amigable con la Piel:<\/strong> Fabricadas con silicona conductiva y duradera para un alivio \u00fanico y efectivo. Se conectan f\u00e1cilmente a cualquier dispositivo iTouch Relief para una terapia TENS\/EMS \u00f3ptima.<br \/>\n<strong>Port\u00e1tiles y Sin Residuo:<\/strong> Disfruta de una experiencia limpia y sin residuos con almohadillas no adhesivas. Dise\u00f1o ligero y reutilizable para un uso conveniente en casa o en movimiento.<br \/>\n<strong>Terapia Personalizable:<\/strong> Combina tus Almohadillas de Yoga con un dispositivo cableado o inal\u00e1mbrico.<\/p>\n","protected":false},"featured_media":754,"comment_status":"closed","ping_status":"closed","template":"","meta":{"site-sidebar-layout":"default","site-content-layout":"","ast-site-content-layout":"default","site-content-style":"default","site-sidebar-style":"default","ast-global-header-display":"","ast-banner-title-visibility":"","ast-main-header-display":"","ast-hfb-above-header-display":"","ast-hfb-below-header-display":"","ast-hfb-mobile-header-display":"","site-post-title":"","ast-breadcrumbs-content":"","ast-featured-img":"","footer-sml-layout":"","ast-disable-related-posts":"","theme-transparent-header-meta":"","adv-header-id-meta":"","stick-header-meta":"","header-above-stick-meta":"","header-main-stick-meta":"","header-below-stick-meta":"","astra-migrate-meta-layouts":"default","ast-page-background-enabled":"default","ast-page-background-meta":{"desktop":{"background-color":"var(--ast-global-color-4)","background-image":"","background-repeat":"repeat","background-position":"center center","background-size":"auto","background-attachment":"scroll","background-type":"","background-media":"","overlay-type":"","overlay-color":"","overlay-opacity":"","overlay-gradient":""},"tablet":{"background-color":"","background-image":"","background-repeat":"repeat","background-position":"center center","background-size":"auto","background-attachment":"scroll","background-type":"","background-media":"","overlay-type":"","overlay-color":"","overlay-opacity":"","overlay-gradient":""},"mobile":{"background-color":"","background-image":"","background-repeat":"repeat","background-position":"center center","background-size":"auto","background-attachment":"scroll","background-type":"","background-media":"","overlay-type":"","overlay-color":"","overlay-opacity":"","overlay-gradient":""}},"ast-content-background-meta":{"desktop":{"background-color":"var(--ast-global-color-5)","background-image":"","background-repeat":"repeat","background-position":"center center","background-size":"auto","background-attachment":"scroll","background-type":"","background-media":"","overlay-type":"","overlay-color":"","overlay-opacity":"","overlay-gradient":""},"tablet":{"background-color":"var(--ast-global-color-5)","background-image":"","background-repeat":"repeat","background-position":"center center","background-size":"auto","background-attachment":"scroll","background-type":"","background-media":"","overlay-type":"","overlay-color":"","overlay-opacity":"","overlay-gradient":""},"mobile":{"background-color":"var(--ast-global-color-5)","background-image":"","background-repeat":"repeat","background-position":"center center","background-size":"auto","background-attachment":"scroll","background-type":"","background-media":"","overlay-type":"","overlay-color":"","overlay-opacity":"","overlay-gradient":""}}},"product_brand":[],"product_cat":[37],"product_tag":[],"class_list":{"0":"post-859","1":"product","2":"type-product","3":"status-publish","4":"has-post-thumbnail","6":"product_cat-accesorios-es","7":"desktop-align-left","8":"tablet-align-left","9":"mobile-align-left","11":"first","12":"instock","13":"taxable","14":"shipping-taxable","15":"purchasable","16":"product-type-simple"},"_links":{"self":[{"href":"https:\/\/itouchrelief.com\/es\/wp-json\/wp\/v2\/product\/859","targetHints":{"allow":["GET"]}}],"collection":[{"href":"https:\/\/itouchrelief.com\/es\/wp-json\/wp\/v2\/product"}],"about":[{"href":"https:\/\/itouchrelief.com\/es\/wp-json\/wp\/v2\/types\/product"}],"replies":[{"embeddable":true,"href":"https:\/\/itouchrelief.com\/es\/wp-json\/wp\/v2\/comments?post=859"}],"wp:featuredmedia":[{"embeddable":true,"href":"https:\/\/itouchrelief.com\/es\/wp-json\/wp\/v2\/media\/754"}],"wp:attachment":[{"href":"https:\/\/itouchrelief.com\/es\/wp-json\/wp\/v2\/media?parent=859"}],"wp:term":[{"taxonomy":"product_brand","embeddable":true,"href":"https:\/\/itouchrelief.com\/es\/wp-json\/wp\/v2\/product_brand?post=859"},{"taxonomy":"product_cat","embeddable":true,"href":"https:\/\/itouchrelief.com\/es\/wp-json\/wp\/v2\/product_cat?post=859"},{"taxonomy":"product_tag","embeddable":true,"href":"https:\/\/itouchrelief.com\/es\/wp-json\/wp\/v2\/product_tag?post=859"}],"curies":[{"name":"wp","href":"https:\/\/api.w.org\/{rel}","templated":true}]}}