{"id":854,"date":"2024-08-06T14:58:18","date_gmt":"2024-08-06T14:58:18","guid":{"rendered":"https:\/\/itouchrelief.com\/product\/854\/"},"modified":"2024-09-16T20:12:27","modified_gmt":"2024-09-16T20:12:27","slug":"854","status":"publish","type":"product","link":"https:\/\/itouchrelief.com\/es\/producto\/854\/","title":{"rendered":"Almohadillas L"},"content":{"rendered":"","protected":false},"excerpt":{"rendered":"<p>Las Almohadillas de Gel de Electrodos Grandes de ITouch Relief est\u00e1n dise\u00f1adas para ser reutilizables y cuentan con una capa gruesa de gel premium que dura m\u00e1s que la mayor\u00eda de las almohadillas est\u00e1ndar, garantizando una experiencia de estimulaci\u00f3n suave y c\u00f3moda.<\/p>\n<p><strong>Compatibilidad Universal:<\/strong> Estas almohadillas est\u00e1n dise\u00f1adas para adaptarse a m\u00e1quinas de estimulaci\u00f3n muscular con conectores de presi\u00f3n de 3.5 mm, lo que las hace universalmente compatibles con todos los dispositivos ITouch Relief y cualquier otro dispositivo de estimulaci\u00f3n con conector de presi\u00f3n de 3.5 mm.<br \/>\n<strong>Reutilizables:<\/strong> Con una capa gruesa y duradera de gel, estas almohadillas pueden usarse m\u00faltiples veces, proporcionando un alivio \u00f3ptimo del malestar. Mant\u00e9nlas frescas y limpias utilizando la pel\u00edcula protectora de pl\u00e1stico y el empaque resellable.<br \/>\n<strong>Autoadhesivas:<\/strong> El gel de alta calidad en la superficie asegura una fijaci\u00f3n fuerte y c\u00f3moda en tu piel. Col\u00f3calas f\u00e1cilmente en tu brazo, pierna, espalda, pecho o hombro.<br \/>\n<strong>Electrodos con Conector Seguro:<\/strong> Nuestras almohadillas de electrodos ofrecen una conductividad superior con gel libre de l\u00e1tex, no irritante para tu piel, lo que las hace ideales para el manejo diario del dolor y la terapia f\u00edsica.<br \/>\n<strong>C\u00f3modas:<\/strong> Con un dise\u00f1o libre de l\u00e1tex y respaldo de tela suave, cada almohadilla de electrodo TENS\/EMS est\u00e1 hecha para moverse naturalmente con tu cuerpo, proporcionando una soluci\u00f3n c\u00f3moda para el malestar terap\u00e9utico.<br \/>\n<strong>Perfectas para:<\/strong> M\u00fasculos adoloridos, dolor de espalda, cuello r\u00edgido, articulaciones doloridas y piel sensible.<\/p>\n","protected":false},"featured_media":755,"comment_status":"open","ping_status":"closed","template":"","meta":{"site-sidebar-layout":"default","site-content-layout":"","ast-site-content-layout":"default","site-content-style":"default","site-sidebar-style":"default","ast-global-header-display":"","ast-banner-title-visibility":"","ast-main-header-display":"","ast-hfb-above-header-display":"","ast-hfb-below-header-display":"","ast-hfb-mobile-header-display":"","site-post-title":"","ast-breadcrumbs-content":"","ast-featured-img":"","footer-sml-layout":"","ast-disable-related-posts":"","theme-transparent-header-meta":"","adv-header-id-meta":"","stick-header-meta":"","header-above-stick-meta":"","header-main-stick-meta":"","header-below-stick-meta":"","astra-migrate-meta-layouts":"default","ast-page-background-enabled":"default","ast-page-background-meta":{"desktop":{"background-color":"var(--ast-global-color-4)","background-image":"","background-repeat":"repeat","background-position":"center center","background-size":"auto","background-attachment":"scroll","background-type":"","background-media":"","overlay-type":"","overlay-color":"","overlay-opacity":"","overlay-gradient":""},"tablet":{"background-color":"","background-image":"","background-repeat":"repeat","background-position":"center center","background-size":"auto","background-attachment":"scroll","background-type":"","background-media":"","overlay-type":"","overlay-color":"","overlay-opacity":"","overlay-gradient":""},"mobile":{"background-color":"","background-image":"","background-repeat":"repeat","background-position":"center center","background-size":"auto","background-attachment":"scroll","background-type":"","background-media":"","overlay-type":"","overlay-color":"","overlay-opacity":"","overlay-gradient":""}},"ast-content-background-meta":{"desktop":{"background-color":"var(--ast-global-color-5)","background-image":"","background-repeat":"repeat","background-position":"center center","background-size":"auto","background-attachment":"scroll","background-type":"","background-media":"","overlay-type":"","overlay-color":"","overlay-opacity":"","overlay-gradient":""},"tablet":{"background-color":"var(--ast-global-color-5)","background-image":"","background-repeat":"repeat","background-position":"center center","background-size":"auto","background-attachment":"scroll","background-type":"","background-media":"","overlay-type":"","overlay-color":"","overlay-opacity":"","overlay-gradient":""},"mobile":{"background-color":"var(--ast-global-color-5)","background-image":"","background-repeat":"repeat","background-position":"center center","background-size":"auto","background-attachment":"scroll","background-type":"","background-media":"","overlay-type":"","overlay-color":"","overlay-opacity":"","overlay-gradient":""}}},"product_brand":[],"product_cat":[38],"product_tag":[],"class_list":{"0":"post-854","1":"product","2":"type-product","3":"status-publish","4":"has-post-thumbnail","6":"product_cat-accesorios-otros-esenciales-es-2","7":"desktop-align-left","8":"tablet-align-left","9":"mobile-align-left","11":"first","12":"instock","13":"taxable","14":"shipping-taxable","15":"purchasable","16":"product-type-variable"},"_links":{"self":[{"href":"https:\/\/itouchrelief.com\/es\/wp-json\/wp\/v2\/product\/854","targetHints":{"allow":["GET"]}}],"collection":[{"href":"https:\/\/itouchrelief.com\/es\/wp-json\/wp\/v2\/product"}],"about":[{"href":"https:\/\/itouchrelief.com\/es\/wp-json\/wp\/v2\/types\/product"}],"replies":[{"embeddable":true,"href":"https:\/\/itouchrelief.com\/es\/wp-json\/wp\/v2\/comments?post=854"}],"wp:featuredmedia":[{"embeddable":true,"href":"https:\/\/itouchrelief.com\/es\/wp-json\/wp\/v2\/media\/755"}],"wp:attachment":[{"href":"https:\/\/itouchrelief.com\/es\/wp-json\/wp\/v2\/media?parent=854"}],"wp:term":[{"taxonomy":"product_brand","embeddable":true,"href":"https:\/\/itouchrelief.com\/es\/wp-json\/wp\/v2\/product_brand?post=854"},{"taxonomy":"product_cat","embeddable":true,"href":"https:\/\/itouchrelief.com\/es\/wp-json\/wp\/v2\/product_cat?post=854"},{"taxonomy":"product_tag","embeddable":true,"href":"https:\/\/itouchrelief.com\/es\/wp-json\/wp\/v2\/product_tag?post=854"}],"curies":[{"name":"wp","href":"https:\/\/api.w.org\/{rel}","templated":true}]}}