{"id":852,"date":"2024-08-06T15:19:09","date_gmt":"2024-08-06T15:19:09","guid":{"rendered":"https:\/\/itouchrelief.com\/product\/rodillera\/"},"modified":"2024-09-16T20:12:21","modified_gmt":"2024-09-16T20:12:21","slug":"rodillera","status":"publish","type":"product","link":"https:\/\/itouchrelief.com\/es\/producto\/rodillera\/","title":{"rendered":"Rodillera"},"content":{"rendered":"<p><strong>\u00bfQu\u00e9 incluye?<\/strong><\/p>\n<p>Rodillera iTouch Relief<\/p>\n","protected":false},"excerpt":{"rendered":"<p>Experimenta un Alivio Eficaz del Dolor de Rodilla<br \/>\nPresentamos la Rodillera iTouch Relief, dise\u00f1ada para enviar pulsos TENS a los grupos nerviosos alrededor de la rodilla, proporcionando un alivio temporal y eficaz del dolor. La terapia TENS funciona al interrumpir las se\u00f1ales de dolor enviadas por los nervios al cerebro, ofreciendo un alivio terap\u00e9utico. La Rodillera iTouch Relief te permite una amplia gama de movimiento, d\u00e1ndote la flexibilidad para moverte mientras disfrutas de los beneficios de la terapia TENS.<\/p>\n<p><strong>Caracter\u00edsticas clave:<\/strong><br \/>\n<strong>Mant\u00e9n la Movilidad:<\/strong> Disfruta de una completa libertad de movimiento mientras recibes los beneficios de la terapia TENS con la Rodillera Activada por TENS iTouch Relief.<br \/>\n<strong>Compatibilidad con Dispositivos:<\/strong> Compatible con tu dispositivo TENS iTouch Relief o cualquier dispositivo TENS con conector de presi\u00f3n.<br \/>\n<strong>Alivio Inmediato del Dolor:<\/strong> Dirigido a los principales nervios femoral y peroneo que recorren las piernas y la rodilla para un alivio inmediato del dolor.<br \/>\n<strong>Terapia Personalizable:<\/strong> Experimenta con tu dispositivo TENS iTouch Relief para encontrar la configuraci\u00f3n \u00f3ptima de terapia para tu rodillera.<\/p>\n","protected":false},"featured_media":748,"comment_status":"closed","ping_status":"closed","template":"","meta":{"site-sidebar-layout":"default","site-content-layout":"","ast-site-content-layout":"default","site-content-style":"default","site-sidebar-style":"default","ast-global-header-display":"","ast-banner-title-visibility":"","ast-main-header-display":"","ast-hfb-above-header-display":"","ast-hfb-below-header-display":"","ast-hfb-mobile-header-display":"","site-post-title":"","ast-breadcrumbs-content":"","ast-featured-img":"","footer-sml-layout":"","ast-disable-related-posts":"","theme-transparent-header-meta":"","adv-header-id-meta":"","stick-header-meta":"","header-above-stick-meta":"","header-main-stick-meta":"","header-below-stick-meta":"","astra-migrate-meta-layouts":"default","ast-page-background-enabled":"default","ast-page-background-meta":{"desktop":{"background-color":"var(--ast-global-color-4)","background-image":"","background-repeat":"repeat","background-position":"center center","background-size":"auto","background-attachment":"scroll","background-type":"","background-media":"","overlay-type":"","overlay-color":"","overlay-opacity":"","overlay-gradient":""},"tablet":{"background-color":"","background-image":"","background-repeat":"repeat","background-position":"center center","background-size":"auto","background-attachment":"scroll","background-type":"","background-media":"","overlay-type":"","overlay-color":"","overlay-opacity":"","overlay-gradient":""},"mobile":{"background-color":"","background-image":"","background-repeat":"repeat","background-position":"center center","background-size":"auto","background-attachment":"scroll","background-type":"","background-media":"","overlay-type":"","overlay-color":"","overlay-opacity":"","overlay-gradient":""}},"ast-content-background-meta":{"desktop":{"background-color":"var(--ast-global-color-5)","background-image":"","background-repeat":"repeat","background-position":"center center","background-size":"auto","background-attachment":"scroll","background-type":"","background-media":"","overlay-type":"","overlay-color":"","overlay-opacity":"","overlay-gradient":""},"tablet":{"background-color":"var(--ast-global-color-5)","background-image":"","background-repeat":"repeat","background-position":"center center","background-size":"auto","background-attachment":"scroll","background-type":"","background-media":"","overlay-type":"","overlay-color":"","overlay-opacity":"","overlay-gradient":""},"mobile":{"background-color":"var(--ast-global-color-5)","background-image":"","background-repeat":"repeat","background-position":"center center","background-size":"auto","background-attachment":"scroll","background-type":"","background-media":"","overlay-type":"","overlay-color":"","overlay-opacity":"","overlay-gradient":""}}},"product_brand":[],"product_cat":[37],"product_tag":[],"class_list":{"0":"post-852","1":"product","2":"type-product","3":"status-publish","4":"has-post-thumbnail","6":"product_cat-accesorios-es","7":"desktop-align-left","8":"tablet-align-left","9":"mobile-align-left","11":"first","12":"instock","13":"taxable","14":"shipping-taxable","15":"purchasable","16":"product-type-simple"},"_links":{"self":[{"href":"https:\/\/itouchrelief.com\/es\/wp-json\/wp\/v2\/product\/852","targetHints":{"allow":["GET"]}}],"collection":[{"href":"https:\/\/itouchrelief.com\/es\/wp-json\/wp\/v2\/product"}],"about":[{"href":"https:\/\/itouchrelief.com\/es\/wp-json\/wp\/v2\/types\/product"}],"replies":[{"embeddable":true,"href":"https:\/\/itouchrelief.com\/es\/wp-json\/wp\/v2\/comments?post=852"}],"wp:featuredmedia":[{"embeddable":true,"href":"https:\/\/itouchrelief.com\/es\/wp-json\/wp\/v2\/media\/748"}],"wp:attachment":[{"href":"https:\/\/itouchrelief.com\/es\/wp-json\/wp\/v2\/media?parent=852"}],"wp:term":[{"taxonomy":"product_brand","embeddable":true,"href":"https:\/\/itouchrelief.com\/es\/wp-json\/wp\/v2\/product_brand?post=852"},{"taxonomy":"product_cat","embeddable":true,"href":"https:\/\/itouchrelief.com\/es\/wp-json\/wp\/v2\/product_cat?post=852"},{"taxonomy":"product_tag","embeddable":true,"href":"https:\/\/itouchrelief.com\/es\/wp-json\/wp\/v2\/product_tag?post=852"}],"curies":[{"name":"wp","href":"https:\/\/api.w.org\/{rel}","templated":true}]}}