{"id":844,"date":"2024-08-06T14:58:17","date_gmt":"2024-08-06T14:58:17","guid":{"rendered":"https:\/\/itouchrelief.com\/product\/envoltura-para-pie\/"},"modified":"2024-09-16T20:14:59","modified_gmt":"2024-09-16T20:14:59","slug":"envoltura-para-pie","status":"publish","type":"product","link":"https:\/\/itouchrelief.com\/es\/producto\/envoltura-para-pie\/","title":{"rendered":"Envoltura para Pie"},"content":{"rendered":"<p><strong>Explora las opciones de paquete a continuaci\u00f3n.<\/strong><\/p>\n<p><strong>Especificaciones del Producto:<\/strong><\/p>\n<ul>\n<li>Dimensiones: 12\u2033 x 11\u2033<\/li>\n<li>Peso: 12.8 oz<\/li>\n<li>Compatibilidad: Funciona con todos los dispositivos iTouch Relief<\/li>\n<\/ul>\n<p><strong>Incluye:<\/strong><\/p>\n<ul>\n<li>Envoltura para Pie iTouch Relief<\/li>\n<li>Cable de Electrodo<\/li>\n<li>Manual del Usuario<\/li>\n<\/ul>\n<p>No dudes en avisarme si hay detalles adicionales o caracter\u00edsticas espec\u00edficas que te gustar\u00eda incluir.<\/p>\n","protected":false},"excerpt":{"rendered":"<p><strong>Experimenta Alivio Superior para los Pies<\/strong><br \/>\nDisfruta de un confort y alivio sin igual con la Envoltura para Pie iTouch Relief. Dise\u00f1ada para proporcionar alivio espec\u00edfico del dolor y estimulaci\u00f3n muscular, esta envoltura te ayuda a eliminar las molestias en los pies y mejora tu bienestar general.<\/p>\n<p><strong>Caracter\u00edsticas Principales:<\/strong><br \/>\n<strong>Alivio Espec\u00edfico del Dolor:<\/strong> Incluye material conductor especializado que se enfoca de manera precisa en los puntos de dolor de tu pie y pierna inferior.<br \/>\n<strong>Amplia Compatibilidad con Dispositivos:<\/strong> Se integra f\u00e1cilmente con todos los dispositivos iTouch Relief, garantizando una experiencia sin interrupciones.<br \/>\n<strong>Ajuste C\u00f3modo y Personalizable:<\/strong> Dise\u00f1o ligero y ajustado que asegura una distribuci\u00f3n uniforme de la corriente, compresi\u00f3n, soporte y mayor movilidad. Se adapta c\u00f3modamente a tallas de calzado 5-10 (mujeres) y 10-16 (hombres).<br \/>\n<strong>Opciones de Terapia Personalizable:<\/strong> Combina tu Envoltura para Pie con un dispositivo, ya sea al\u00e1mbrico o inal\u00e1mbrico.<\/p>\n","protected":false},"featured_media":728,"comment_status":"closed","ping_status":"closed","template":"","meta":{"site-sidebar-layout":"default","site-content-layout":"","ast-site-content-layout":"default","site-content-style":"default","site-sidebar-style":"default","ast-global-header-display":"","ast-banner-title-visibility":"","ast-main-header-display":"","ast-hfb-above-header-display":"","ast-hfb-below-header-display":"","ast-hfb-mobile-header-display":"","site-post-title":"","ast-breadcrumbs-content":"","ast-featured-img":"","footer-sml-layout":"","ast-disable-related-posts":"","theme-transparent-header-meta":"","adv-header-id-meta":"","stick-header-meta":"","header-above-stick-meta":"","header-main-stick-meta":"","header-below-stick-meta":"","astra-migrate-meta-layouts":"default","ast-page-background-enabled":"default","ast-page-background-meta":{"desktop":{"background-color":"var(--ast-global-color-4)","background-image":"","background-repeat":"repeat","background-position":"center center","background-size":"auto","background-attachment":"scroll","background-type":"","background-media":"","overlay-type":"","overlay-color":"","overlay-opacity":"","overlay-gradient":""},"tablet":{"background-color":"","background-image":"","background-repeat":"repeat","background-position":"center center","background-size":"auto","background-attachment":"scroll","background-type":"","background-media":"","overlay-type":"","overlay-color":"","overlay-opacity":"","overlay-gradient":""},"mobile":{"background-color":"","background-image":"","background-repeat":"repeat","background-position":"center center","background-size":"auto","background-attachment":"scroll","background-type":"","background-media":"","overlay-type":"","overlay-color":"","overlay-opacity":"","overlay-gradient":""}},"ast-content-background-meta":{"desktop":{"background-color":"var(--ast-global-color-5)","background-image":"","background-repeat":"repeat","background-position":"center center","background-size":"auto","background-attachment":"scroll","background-type":"","background-media":"","overlay-type":"","overlay-color":"","overlay-opacity":"","overlay-gradient":""},"tablet":{"background-color":"var(--ast-global-color-5)","background-image":"","background-repeat":"repeat","background-position":"center center","background-size":"auto","background-attachment":"scroll","background-type":"","background-media":"","overlay-type":"","overlay-color":"","overlay-opacity":"","overlay-gradient":""},"mobile":{"background-color":"var(--ast-global-color-5)","background-image":"","background-repeat":"repeat","background-position":"center center","background-size":"auto","background-attachment":"scroll","background-type":"","background-media":"","overlay-type":"","overlay-color":"","overlay-opacity":"","overlay-gradient":""}}},"product_brand":[],"product_cat":[37],"product_tag":[],"class_list":{"0":"post-844","1":"product","2":"type-product","3":"status-publish","4":"has-post-thumbnail","6":"product_cat-accesorios-es","7":"desktop-align-left","8":"tablet-align-left","9":"mobile-align-left","11":"first","12":"instock","13":"taxable","14":"shipping-taxable","15":"purchasable","16":"product-type-simple"},"_links":{"self":[{"href":"https:\/\/itouchrelief.com\/es\/wp-json\/wp\/v2\/product\/844","targetHints":{"allow":["GET"]}}],"collection":[{"href":"https:\/\/itouchrelief.com\/es\/wp-json\/wp\/v2\/product"}],"about":[{"href":"https:\/\/itouchrelief.com\/es\/wp-json\/wp\/v2\/types\/product"}],"replies":[{"embeddable":true,"href":"https:\/\/itouchrelief.com\/es\/wp-json\/wp\/v2\/comments?post=844"}],"wp:featuredmedia":[{"embeddable":true,"href":"https:\/\/itouchrelief.com\/es\/wp-json\/wp\/v2\/media\/728"}],"wp:attachment":[{"href":"https:\/\/itouchrelief.com\/es\/wp-json\/wp\/v2\/media?parent=844"}],"wp:term":[{"taxonomy":"product_brand","embeddable":true,"href":"https:\/\/itouchrelief.com\/es\/wp-json\/wp\/v2\/product_brand?post=844"},{"taxonomy":"product_cat","embeddable":true,"href":"https:\/\/itouchrelief.com\/es\/wp-json\/wp\/v2\/product_cat?post=844"},{"taxonomy":"product_tag","embeddable":true,"href":"https:\/\/itouchrelief.com\/es\/wp-json\/wp\/v2\/product_tag?post=844"}],"curies":[{"name":"wp","href":"https:\/\/api.w.org\/{rel}","templated":true}]}}