{"id":842,"date":"2024-08-06T15:19:10","date_gmt":"2024-08-06T15:19:10","guid":{"rendered":"https:\/\/itouchrelief.com\/product\/cables-para-tens\/"},"modified":"2024-09-16T20:10:45","modified_gmt":"2024-09-16T20:10:45","slug":"cables-para-tens","status":"publish","type":"product","link":"https:\/\/itouchrelief.com\/es\/producto\/cables-para-tens\/","title":{"rendered":"Cables para TENS"},"content":{"rendered":"","protected":false},"excerpt":{"rendered":"<p>Compatibles con todos los dispositivos ITouch Relief con cables, estos cables para electrodos son ideales para reemplazar los cables perdidos o tener repuestos a la mano para que nunca te sorprenda un imprevisto. Lo \u00faltimo que deseas es quedarte con un cable de electrodo roto. Ahora, puedes reemplazarlos o tener extras listos. Perfectos para todas las unidades ITouch Relief, el cable de electrodo es un componente crucial que entrega pulsos el\u00e9ctricos seguros a tus m\u00fasculos. Est\u00e1n meticulosamente dise\u00f1ados para soportar el uso diario.<\/p>\n<p>Alivia tus m\u00fasculos adoloridos y tensos con la tecnolog\u00eda TENS y EMS. Ya sea que est\u00e9s lidiando con dolor de espalda o cuello r\u00edgido, puedes ahorrarte un viaje al doctor, ya que ofrece un alivio inmediato. Rel\u00e1jate y disfruta de tu dispositivo ITouch Relief en la comodidad de tu hogar.<\/p>\n<p>ITouch Relief ha dedicado a\u00f1os a perfeccionar sus productos, utilizando se\u00f1ales bioel\u00e9ctricas para crear una soluci\u00f3n personalizada de manejo del dolor que realmente funciona.<\/p>\n<p>Descubre por qu\u00e9 tantas personas eligen ITouch Relief para sus necesidades de recuperaci\u00f3n muscular.<\/p>\n","protected":false},"featured_media":764,"comment_status":"open","ping_status":"closed","template":"","meta":{"site-sidebar-layout":"default","site-content-layout":"","ast-site-content-layout":"default","site-content-style":"default","site-sidebar-style":"default","ast-global-header-display":"","ast-banner-title-visibility":"","ast-main-header-display":"","ast-hfb-above-header-display":"","ast-hfb-below-header-display":"","ast-hfb-mobile-header-display":"","site-post-title":"","ast-breadcrumbs-content":"","ast-featured-img":"","footer-sml-layout":"","ast-disable-related-posts":"","theme-transparent-header-meta":"","adv-header-id-meta":"","stick-header-meta":"","header-above-stick-meta":"","header-main-stick-meta":"","header-below-stick-meta":"","astra-migrate-meta-layouts":"default","ast-page-background-enabled":"default","ast-page-background-meta":{"desktop":{"background-color":"var(--ast-global-color-4)","background-image":"","background-repeat":"repeat","background-position":"center center","background-size":"auto","background-attachment":"scroll","background-type":"","background-media":"","overlay-type":"","overlay-color":"","overlay-opacity":"","overlay-gradient":""},"tablet":{"background-color":"","background-image":"","background-repeat":"repeat","background-position":"center center","background-size":"auto","background-attachment":"scroll","background-type":"","background-media":"","overlay-type":"","overlay-color":"","overlay-opacity":"","overlay-gradient":""},"mobile":{"background-color":"","background-image":"","background-repeat":"repeat","background-position":"center center","background-size":"auto","background-attachment":"scroll","background-type":"","background-media":"","overlay-type":"","overlay-color":"","overlay-opacity":"","overlay-gradient":""}},"ast-content-background-meta":{"desktop":{"background-color":"var(--ast-global-color-5)","background-image":"","background-repeat":"repeat","background-position":"center center","background-size":"auto","background-attachment":"scroll","background-type":"","background-media":"","overlay-type":"","overlay-color":"","overlay-opacity":"","overlay-gradient":""},"tablet":{"background-color":"var(--ast-global-color-5)","background-image":"","background-repeat":"repeat","background-position":"center center","background-size":"auto","background-attachment":"scroll","background-type":"","background-media":"","overlay-type":"","overlay-color":"","overlay-opacity":"","overlay-gradient":""},"mobile":{"background-color":"var(--ast-global-color-5)","background-image":"","background-repeat":"repeat","background-position":"center center","background-size":"auto","background-attachment":"scroll","background-type":"","background-media":"","overlay-type":"","overlay-color":"","overlay-opacity":"","overlay-gradient":""}}},"product_brand":[],"product_cat":[38],"product_tag":[],"class_list":{"0":"post-842","1":"product","2":"type-product","3":"status-publish","4":"has-post-thumbnail","6":"product_cat-accesorios-otros-esenciales-es-2","7":"desktop-align-left","8":"tablet-align-left","9":"mobile-align-left","11":"first","12":"instock","13":"taxable","14":"shipping-taxable","15":"purchasable","16":"product-type-simple"},"_links":{"self":[{"href":"https:\/\/itouchrelief.com\/es\/wp-json\/wp\/v2\/product\/842","targetHints":{"allow":["GET"]}}],"collection":[{"href":"https:\/\/itouchrelief.com\/es\/wp-json\/wp\/v2\/product"}],"about":[{"href":"https:\/\/itouchrelief.com\/es\/wp-json\/wp\/v2\/types\/product"}],"replies":[{"embeddable":true,"href":"https:\/\/itouchrelief.com\/es\/wp-json\/wp\/v2\/comments?post=842"}],"wp:featuredmedia":[{"embeddable":true,"href":"https:\/\/itouchrelief.com\/es\/wp-json\/wp\/v2\/media\/764"}],"wp:attachment":[{"href":"https:\/\/itouchrelief.com\/es\/wp-json\/wp\/v2\/media?parent=842"}],"wp:term":[{"taxonomy":"product_brand","embeddable":true,"href":"https:\/\/itouchrelief.com\/es\/wp-json\/wp\/v2\/product_brand?post=842"},{"taxonomy":"product_cat","embeddable":true,"href":"https:\/\/itouchrelief.com\/es\/wp-json\/wp\/v2\/product_cat?post=842"},{"taxonomy":"product_tag","embeddable":true,"href":"https:\/\/itouchrelief.com\/es\/wp-json\/wp\/v2\/product_tag?post=842"}],"curies":[{"name":"wp","href":"https:\/\/api.w.org\/{rel}","templated":true}]}}