{"id":841,"date":"2024-08-06T14:58:18","date_gmt":"2024-08-06T14:58:18","guid":{"rendered":"https:\/\/itouchrelief.com\/product\/collarin-para-el-cuello\/"},"modified":"2024-09-16T20:12:42","modified_gmt":"2024-09-16T20:12:42","slug":"collarin-para-el-cuello","status":"publish","type":"product","link":"https:\/\/itouchrelief.com\/es\/producto\/collarin-para-el-cuello\/","title":{"rendered":"Collar\u00edn para el Cuello"},"content":{"rendered":"<p><strong>Incluye:<\/strong><\/p>\n<ul>\n<li>Collar\u00edn para el Cuello iTouch Relief<\/li>\n<li>Spray Ion Perfect Conductor (5 mL)<\/li>\n<li>Tarjeta de Informaci\u00f3n para el Spray Conductor<\/li>\n<li>Cubiertas de Broches<\/li>\n<\/ul>\n<p><strong>Especificaciones T\u00e9cnicas:<\/strong><\/p>\n<ul>\n<li>Dimensiones: 19.5 \u00d7 2.75 pulgadas<\/li>\n<li>Peso: 4.2 oz<\/li>\n<\/ul>\n","protected":false},"excerpt":{"rendered":"<p><strong>Alcanza Comodidad y Relajaci\u00f3n para el Cuello<\/strong><br \/>\nAlivia el dolor de cuello y disfruta de una relajaci\u00f3n total con el Collar\u00edn para el Cuello de iTouch Relief. Este collar\u00edn ligero y transpirable est\u00e1 dise\u00f1ado para reducir la tensi\u00f3n, aliviar el estr\u00e9s y mejorar tu bienestar general.<\/p>\n<p><strong>Caracter\u00edsticas Principales:<\/strong><br \/>\n<strong>Material C\u00f3modo de Neopreno:<\/strong> Fabricado con neopreno ligero y transpirable para una comodidad durante todo el d\u00eda.<br \/>\n<strong>Alivio Preciso del Dolor:<\/strong> El forro de silicona conductiva se enfoca en puntos espec\u00edficos de dolor utilizando la tecnolog\u00eda TENS\/EMS de iTouch Relief.<br \/>\n<strong>Ajuste Seguro y Personalizable:<\/strong> El parche de velcro permite un ajuste seguro y personalizado.<br \/>\n<strong>Mejora de la Movilidad:<\/strong> Ofrece estimulaci\u00f3n muscular efectiva para mejorar la flexibilidad y la movilidad.<br \/>\n<strong>Construcci\u00f3n Duradera:<\/strong> Dise\u00f1ado para soportar el uso diario y mantener su efectividad.<br \/>\n<strong>Amplia Compatibilidad de Dispositivos:<\/strong> Compatible con todos los dispositivos iTouch Relief para una integraci\u00f3n sin problemas.<br \/>\n<strong>Terapia Personalizada:<\/strong> Funciona con dispositivos cableados e inal\u00e1mbricos para una experiencia adaptada a tus necesidades.<\/p>\n","protected":false},"featured_media":752,"comment_status":"closed","ping_status":"closed","template":"","meta":{"site-sidebar-layout":"default","site-content-layout":"","ast-site-content-layout":"default","site-content-style":"default","site-sidebar-style":"default","ast-global-header-display":"","ast-banner-title-visibility":"","ast-main-header-display":"","ast-hfb-above-header-display":"","ast-hfb-below-header-display":"","ast-hfb-mobile-header-display":"","site-post-title":"","ast-breadcrumbs-content":"","ast-featured-img":"","footer-sml-layout":"","ast-disable-related-posts":"","theme-transparent-header-meta":"","adv-header-id-meta":"","stick-header-meta":"","header-above-stick-meta":"","header-main-stick-meta":"","header-below-stick-meta":"","astra-migrate-meta-layouts":"default","ast-page-background-enabled":"default","ast-page-background-meta":{"desktop":{"background-color":"var(--ast-global-color-4)","background-image":"","background-repeat":"repeat","background-position":"center center","background-size":"auto","background-attachment":"scroll","background-type":"","background-media":"","overlay-type":"","overlay-color":"","overlay-opacity":"","overlay-gradient":""},"tablet":{"background-color":"","background-image":"","background-repeat":"repeat","background-position":"center center","background-size":"auto","background-attachment":"scroll","background-type":"","background-media":"","overlay-type":"","overlay-color":"","overlay-opacity":"","overlay-gradient":""},"mobile":{"background-color":"","background-image":"","background-repeat":"repeat","background-position":"center center","background-size":"auto","background-attachment":"scroll","background-type":"","background-media":"","overlay-type":"","overlay-color":"","overlay-opacity":"","overlay-gradient":""}},"ast-content-background-meta":{"desktop":{"background-color":"var(--ast-global-color-5)","background-image":"","background-repeat":"repeat","background-position":"center center","background-size":"auto","background-attachment":"scroll","background-type":"","background-media":"","overlay-type":"","overlay-color":"","overlay-opacity":"","overlay-gradient":""},"tablet":{"background-color":"var(--ast-global-color-5)","background-image":"","background-repeat":"repeat","background-position":"center center","background-size":"auto","background-attachment":"scroll","background-type":"","background-media":"","overlay-type":"","overlay-color":"","overlay-opacity":"","overlay-gradient":""},"mobile":{"background-color":"var(--ast-global-color-5)","background-image":"","background-repeat":"repeat","background-position":"center center","background-size":"auto","background-attachment":"scroll","background-type":"","background-media":"","overlay-type":"","overlay-color":"","overlay-opacity":"","overlay-gradient":""}}},"product_brand":[],"product_cat":[37],"product_tag":[],"class_list":{"0":"post-841","1":"product","2":"type-product","3":"status-publish","4":"has-post-thumbnail","6":"product_cat-accesorios-es","7":"desktop-align-left","8":"tablet-align-left","9":"mobile-align-left","11":"first","12":"instock","13":"taxable","14":"shipping-taxable","15":"purchasable","16":"product-type-simple"},"_links":{"self":[{"href":"https:\/\/itouchrelief.com\/es\/wp-json\/wp\/v2\/product\/841","targetHints":{"allow":["GET"]}}],"collection":[{"href":"https:\/\/itouchrelief.com\/es\/wp-json\/wp\/v2\/product"}],"about":[{"href":"https:\/\/itouchrelief.com\/es\/wp-json\/wp\/v2\/types\/product"}],"replies":[{"embeddable":true,"href":"https:\/\/itouchrelief.com\/es\/wp-json\/wp\/v2\/comments?post=841"}],"wp:featuredmedia":[{"embeddable":true,"href":"https:\/\/itouchrelief.com\/es\/wp-json\/wp\/v2\/media\/752"}],"wp:attachment":[{"href":"https:\/\/itouchrelief.com\/es\/wp-json\/wp\/v2\/media?parent=841"}],"wp:term":[{"taxonomy":"product_brand","embeddable":true,"href":"https:\/\/itouchrelief.com\/es\/wp-json\/wp\/v2\/product_brand?post=841"},{"taxonomy":"product_cat","embeddable":true,"href":"https:\/\/itouchrelief.com\/es\/wp-json\/wp\/v2\/product_cat?post=841"},{"taxonomy":"product_tag","embeddable":true,"href":"https:\/\/itouchrelief.com\/es\/wp-json\/wp\/v2\/product_tag?post=841"}],"curies":[{"name":"wp","href":"https:\/\/api.w.org\/{rel}","templated":true}]}}