{"id":840,"date":"2024-08-06T14:58:17","date_gmt":"2024-08-06T14:58:17","guid":{"rendered":"https:\/\/itouchrelief.com\/product\/840\/"},"modified":"2024-09-16T20:14:39","modified_gmt":"2024-09-16T20:14:39","slug":"840","status":"publish","type":"product","link":"https:\/\/itouchrelief.com\/es\/producto\/840\/","title":{"rendered":"Guantes"},"content":{"rendered":"<p><strong>Incluye:<\/strong><\/p>\n<ul>\n<li>Guantes iTouch Relief<\/li>\n<\/ul>\n<p>No dudes en avisarme si hay detalles adicionales o caracter\u00edsticas espec\u00edficas que te gustar\u00eda incluir.<\/p>\n","protected":false},"excerpt":{"rendered":"<p><strong>Alivia el Dolor de Manos y Mejora la Comodidad<\/strong><br \/>\nTe presentamos los Guantes iTouch Relief, dise\u00f1ados con mini fibras conductoras para asegurar una distribuci\u00f3n uniforme de pulsos en tus manos y dedos. Estos guantes estimulan la circulaci\u00f3n sangu\u00ednea y alivian el dolor asociado con la artritis, el s\u00edndrome del t\u00fanel carpiano, la tendinitis, el dolor postoperatorio, la hinchaz\u00f3n, el entumecimiento y otros problemas de las manos. Compatibles con la mayor\u00eda de las unidades TENS\/EMS del mercado.<\/p>\n<p><strong>Caracter\u00edsticas Principales:<\/strong><br \/>\n<strong>Alivio Integral del Dolor:<\/strong> Ayuda a tratar el dolor relacionado con la artritis, lesiones deportivas, hinchaz\u00f3n y da\u00f1o nervioso.<br \/>\n<strong>Terapia TENS Efectiva:<\/strong> La terapia TENS bloquea las se\u00f1ales de dolor de los nervios al cerebro, proporcionando alivio terap\u00e9utico.<br \/>\n<strong>Suaves y C\u00f3modos:<\/strong> Fabricados con tejido de poli\u00e9ster el\u00e1stico y suave al tacto para m\u00e1xima comodidad.<br \/>\n<strong>Talla Universal:<\/strong> Talla \u00fanica que se adapta a la mayor\u00eda, garantizando un ajuste c\u00f3modo para una amplia gama de tama\u00f1os de mano.<\/p>\n","protected":false},"featured_media":739,"comment_status":"open","ping_status":"closed","template":"","meta":{"site-sidebar-layout":"default","site-content-layout":"","ast-site-content-layout":"default","site-content-style":"default","site-sidebar-style":"default","ast-global-header-display":"","ast-banner-title-visibility":"","ast-main-header-display":"","ast-hfb-above-header-display":"","ast-hfb-below-header-display":"","ast-hfb-mobile-header-display":"","site-post-title":"","ast-breadcrumbs-content":"","ast-featured-img":"","footer-sml-layout":"","ast-disable-related-posts":"","theme-transparent-header-meta":"","adv-header-id-meta":"","stick-header-meta":"","header-above-stick-meta":"","header-main-stick-meta":"","header-below-stick-meta":"","astra-migrate-meta-layouts":"default","ast-page-background-enabled":"default","ast-page-background-meta":{"desktop":{"background-color":"var(--ast-global-color-4)","background-image":"","background-repeat":"repeat","background-position":"center center","background-size":"auto","background-attachment":"scroll","background-type":"","background-media":"","overlay-type":"","overlay-color":"","overlay-opacity":"","overlay-gradient":""},"tablet":{"background-color":"","background-image":"","background-repeat":"repeat","background-position":"center center","background-size":"auto","background-attachment":"scroll","background-type":"","background-media":"","overlay-type":"","overlay-color":"","overlay-opacity":"","overlay-gradient":""},"mobile":{"background-color":"","background-image":"","background-repeat":"repeat","background-position":"center center","background-size":"auto","background-attachment":"scroll","background-type":"","background-media":"","overlay-type":"","overlay-color":"","overlay-opacity":"","overlay-gradient":""}},"ast-content-background-meta":{"desktop":{"background-color":"var(--ast-global-color-5)","background-image":"","background-repeat":"repeat","background-position":"center center","background-size":"auto","background-attachment":"scroll","background-type":"","background-media":"","overlay-type":"","overlay-color":"","overlay-opacity":"","overlay-gradient":""},"tablet":{"background-color":"var(--ast-global-color-5)","background-image":"","background-repeat":"repeat","background-position":"center center","background-size":"auto","background-attachment":"scroll","background-type":"","background-media":"","overlay-type":"","overlay-color":"","overlay-opacity":"","overlay-gradient":""},"mobile":{"background-color":"var(--ast-global-color-5)","background-image":"","background-repeat":"repeat","background-position":"center center","background-size":"auto","background-attachment":"scroll","background-type":"","background-media":"","overlay-type":"","overlay-color":"","overlay-opacity":"","overlay-gradient":""}}},"product_brand":[],"product_cat":[37],"product_tag":[],"class_list":{"0":"post-840","1":"product","2":"type-product","3":"status-publish","4":"has-post-thumbnail","6":"product_cat-accesorios-es","7":"desktop-align-left","8":"tablet-align-left","9":"mobile-align-left","11":"first","12":"instock","13":"taxable","14":"shipping-taxable","15":"purchasable","16":"product-type-simple"},"_links":{"self":[{"href":"https:\/\/itouchrelief.com\/es\/wp-json\/wp\/v2\/product\/840","targetHints":{"allow":["GET"]}}],"collection":[{"href":"https:\/\/itouchrelief.com\/es\/wp-json\/wp\/v2\/product"}],"about":[{"href":"https:\/\/itouchrelief.com\/es\/wp-json\/wp\/v2\/types\/product"}],"replies":[{"embeddable":true,"href":"https:\/\/itouchrelief.com\/es\/wp-json\/wp\/v2\/comments?post=840"}],"wp:featuredmedia":[{"embeddable":true,"href":"https:\/\/itouchrelief.com\/es\/wp-json\/wp\/v2\/media\/739"}],"wp:attachment":[{"href":"https:\/\/itouchrelief.com\/es\/wp-json\/wp\/v2\/media?parent=840"}],"wp:term":[{"taxonomy":"product_brand","embeddable":true,"href":"https:\/\/itouchrelief.com\/es\/wp-json\/wp\/v2\/product_brand?post=840"},{"taxonomy":"product_cat","embeddable":true,"href":"https:\/\/itouchrelief.com\/es\/wp-json\/wp\/v2\/product_cat?post=840"},{"taxonomy":"product_tag","embeddable":true,"href":"https:\/\/itouchrelief.com\/es\/wp-json\/wp\/v2\/product_tag?post=840"}],"curies":[{"name":"wp","href":"https:\/\/api.w.org\/{rel}","templated":true}]}}