{"id":795,"date":"2024-08-06T14:29:39","date_gmt":"2024-08-06T14:29:39","guid":{"rendered":"https:\/\/itouchrelief.com\/garantia\/"},"modified":"2024-09-10T15:23:24","modified_gmt":"2024-09-10T15:23:24","slug":"garantia","status":"publish","type":"page","link":"https:\/\/itouchrelief.com\/es\/garantia\/","title":{"rendered":"Garant\u00eda"},"content":{"rendered":"\t\t<div data-elementor-type=\"wp-page\" data-elementor-id=\"795\" class=\"elementor elementor-795 elementor-128\" data-elementor-post-type=\"page\">\n\t\t\t\t<div class=\"elementor-element elementor-element-6729aedc e-flex e-con-boxed e-con e-parent\" data-id=\"6729aedc\" data-element_type=\"container\" data-e-type=\"container\">\n\t\t\t\t\t<div class=\"e-con-inner\">\n\t\t\t\t<div class=\"elementor-element elementor-element-71fa783a elementor-widget elementor-widget-heading\" data-id=\"71fa783a\" data-element_type=\"widget\" data-e-type=\"widget\" data-widget_type=\"heading.default\">\n\t\t\t\t<div class=\"elementor-widget-container\">\n\t\t\t\t\t<h2 class=\"elementor-heading-title elementor-size-default\">Garant\u00eda<\/h2>\t\t\t\t<\/div>\n\t\t\t\t<\/div>\n\t\t\t\t<div class=\"elementor-element elementor-element-3a18da34 elementor-widget-divider--separator-type-pattern elementor-widget-divider--no-spacing elementor-widget-divider--view-line elementor-widget elementor-widget-divider\" data-id=\"3a18da34\" data-element_type=\"widget\" data-e-type=\"widget\" data-widget_type=\"divider.default\">\n\t\t\t\t<div class=\"elementor-widget-container\">\n\t\t\t\t\t\t\t<div class=\"elementor-divider\" style=\"--divider-pattern-url: url(&quot;data:image\/svg+xml,%3Csvg xmlns=&#039;http:\/\/www.w3.org\/2000\/svg&#039; preserveAspectRatio=&#039;xMidYMid meet&#039; overflow=&#039;visible&#039; height=&#039;100%&#039; viewBox=&#039;0 0 126 26&#039; fill=&#039;black&#039; stroke=&#039;none&#039;%3E%3Cpath d=&#039;M111.9,18.3v3.4H109v-3.4H111.9z M90.8,18.3v3.4H88v-3.4H90.8z M69.8,18.3v3.4h-2.9v-3.4H69.8z M48.8,18.3v3.4h-2.9v-3.4H48.8z M27.7,18.3v3.4h-2.9v-3.4H27.7z M6.7,18.3v3.4H3.8v-3.4H6.7z M46.4,4l4.3,4.8l-1.8,0l3.5,4.4l-2.2-0.1l3,3.3l-11,0.4l3.6-3.8l-2.9-0.1l3.1-4.2l-1.9,0L46.4,4z M111.4,4l2.4,4.8l-1.8,0l3.5,4.4l-2.5-0.1l3.3,3.3h-11l3.1-3.4l-2.5-0.1l3.1-4.2l-1.9,0L111.4,4z M89.9,4l2.9,4.8l-1.9,0l3.2,4.2l-2.5,0l3.5,3.5l-11-0.4l3-3.1l-2.4,0L88,8.8l-1.9,0L89.9,4z M68.6,4l3,4.4l-1.9,0.1l3.4,4.1l-2.7,0.1l3.8,3.7H63.8l2.9-3.6l-2.9,0.1L67,8.7l-2,0.1L68.6,4z M26.5,4l3,4.4l-1.9,0.1l3.7,4.7l-2.5-0.1l3.3,3.3H21l3.1-3.4l-2.5-0.1l3.2-4.3l-2,0.1L26.5,4z M4.9,4l3.7,4.8l-1.5,0l3.1,4.2L7.6,13l3.4,3.4H0l3-3.3l-2.3,0.1l3.5-4.4l-2.3,0L4.9,4z&#039;\/%3E%3C\/svg%3E&quot;);\">\n\t\t\t<span class=\"elementor-divider-separator\">\n\t\t\t\t\t\t<\/span>\n\t\t<\/div>\n\t\t\t\t\t\t<\/div>\n\t\t\t\t<\/div>\n\t\t\t\t\t<\/div>\n\t\t\t\t<\/div>\n\t\t<div class=\"elementor-element elementor-element-6f261bd9 e-flex e-con-boxed e-con e-parent\" data-id=\"6f261bd9\" data-element_type=\"container\" data-e-type=\"container\">\n\t\t\t\t\t<div class=\"e-con-inner\">\n\t\t<div class=\"elementor-element elementor-element-4bbb7df4 e-con-full e-flex e-con e-child\" data-id=\"4bbb7df4\" data-element_type=\"container\" data-e-type=\"container\">\n\t\t\t\t<div class=\"elementor-element elementor-element-744048fe elementor-align-justify elementor-widget elementor-widget-button\" data-id=\"744048fe\" data-element_type=\"widget\" data-e-type=\"widget\" data-widget_type=\"button.default\">\n\t\t\t\t<div class=\"elementor-widget-container\">\n\t\t\t\t\t\t\t\t\t<div class=\"elementor-button-wrapper\">\n\t\t\t\t\t<a class=\"elementor-button elementor-button-link elementor-size-lg\" href=\"https:\/\/itouchrelief.com\/device-registration\/\">\n\t\t\t\t\t\t<span class=\"elementor-button-content-wrapper\">\n\t\t\t\t\t\t\t\t\t<span class=\"elementor-button-text\">REGISTRO DEL DISPOSITIVO<\/span>\n\t\t\t\t\t<\/span>\n\t\t\t\t\t<\/a>\n\t\t\t\t<\/div>\n\t\t\t\t\t\t\t\t<\/div>\n\t\t\t\t<\/div>\n\t\t\t\t<\/div>\n\t\t<div class=\"elementor-element elementor-element-75b957e5 e-con-full e-flex e-con e-child\" data-id=\"75b957e5\" data-element_type=\"container\" data-e-type=\"container\">\n\t\t\t\t<div class=\"elementor-element elementor-element-7e0bf4cb elementor-align-justify elementor-widget elementor-widget-button\" data-id=\"7e0bf4cb\" data-element_type=\"widget\" data-e-type=\"widget\" data-widget_type=\"button.default\">\n\t\t\t\t<div class=\"elementor-widget-container\">\n\t\t\t\t\t\t\t\t\t<div class=\"elementor-button-wrapper\">\n\t\t\t\t\t<a class=\"elementor-button elementor-button-link elementor-size-lg\" href=\"https:\/\/itouchrelief.com\/warranty-claim\/\">\n\t\t\t\t\t\t<span class=\"elementor-button-content-wrapper\">\n\t\t\t\t\t\t\t\t\t<span class=\"elementor-button-text\">RECLAMACI\u00d3N DE GARANT\u00cdA<\/span>\n\t\t\t\t\t<\/span>\n\t\t\t\t\t<\/a>\n\t\t\t\t<\/div>\n\t\t\t\t\t\t\t\t<\/div>\n\t\t\t\t<\/div>\n\t\t\t\t<\/div>\n\t\t\t\t\t<\/div>\n\t\t\t\t<\/div>\n\t\t<div class=\"elementor-element elementor-element-365d374f e-flex e-con-boxed e-con e-parent\" data-id=\"365d374f\" data-element_type=\"container\" data-e-type=\"container\">\n\t\t\t\t\t<div class=\"e-con-inner\">\n\t\t\t\t<div class=\"elementor-element elementor-element-7d785ed6 elementor-widget elementor-widget-text-editor\" data-id=\"7d785ed6\" data-element_type=\"widget\" data-e-type=\"widget\" data-widget_type=\"text-editor.default\">\n\t\t\t\t<div class=\"elementor-widget-container\">\n\t\t\t\t\t\t\t\t\t<strong>Cobertura de la Garant\u00eda<\/strong>\r\n\r\nNuestra garant\u00eda del fabricante aplica a clientes en Estados Unidos y Canad\u00e1. Para clientes fuera de estas regiones, por favor cont\u00e1ctenos por correo electr\u00f3nico y haremos lo posible por ayudarle con el reemplazo de su dispositivo.\r\n\r\nTenga en cuenta que pueden aplicarse cargos de env\u00edo a su dispositivo en garant\u00eda. Ofrecemos env\u00edo gratuito para la mayor\u00eda de las reclamaciones dentro de EE. UU. con un plazo de entrega est\u00e1ndar de 1-2 semanas. Hay opciones de env\u00edo express disponibles con costo adicional. Para todas las direcciones fuera de EE. UU., incluido Canad\u00e1, se aplicar\u00e1n cargos de env\u00edo. Nos disculpamos por cualquier inconveniente que esto pueda causar.\r\n\r\nPara asegurarse de que est\u00e1 comprando un producto genuino de ITouch Relief, por favor compre solo a minoristas autorizados de ITouch Relief.\r\n\r\nNuestra garant\u00eda no cubre productos comprados a distribuidores no autorizados. Comprar de estas fuentes tambi\u00e9n puede exponerle a riesgos como fraude con tarjetas de cr\u00e9dito y robo de identidad.\r\n\r\nLas compras de Amazon, eBay u otros sitios de terceros no est\u00e1n autorizadas.\r\n\r\nITouch Relief es una marca registrada.\r\n\r\n<strong>Mercados No Autorizados y Productos Falsificados<\/strong>\r\n\r\n<strong>\u00bfC\u00f3mo puedo verificar si un sitio web que vende productos ITouch Relief es leg\u00edtimo?<\/strong>\r\n\r\nSi est\u00e1 cuestionando la legitimidad de un sitio web, probablemente no est\u00e9 autorizado. Muchos sitios imitan nuestra p\u00e1gina oficial y usan nuestras im\u00e1genes para enga\u00f1ar a los clientes. Estos sitios suelen ser operados por vendedores no autorizados o estafadores que pueden cobrar a su tarjeta de cr\u00e9dito y no enviarle nada o enviarle un producto ITouch Relief alterado o falsificado.\r\n\r\nC\u00f3mo identificar un sitio web leg\u00edtimo:\r\n<ul>\r\n \t<li>Verifique la URL: Las \u00fanicas tiendas en l\u00ednea oficiales de ITouch Relief son itouchrelief.com y los sitios de minoristas autorizados. Cualquier otra URL es probablemente fraudulenta.<\/li>\r\n \t<li>En caso de duda, cont\u00e1ctenos: Env\u00edenos un correo electr\u00f3nico a <a href=\"mailto:info@itouchrelief.com\">info@itouchrelief.com<\/a> para confirmar la autenticidad del producto que est\u00e1 considerando comprar.<\/li>\r\n<\/ul>\r\nQu\u00e9 hacer si compr\u00f3 un producto falsificado o no recibi\u00f3 nada despu\u00e9s de que le cobraran:\r\n<ul>\r\n \t<li>Reporte el sitio: Env\u00edenos un correo electr\u00f3nico a <a href=\"mailto:info@itouchrelief.com\">info@itouchrelief.com<\/a> para que podamos trabajar en cerrar el sitio. Responderemos r\u00e1pidamente a consultas relacionadas con productos falsificados y mercados no autorizados.<\/li>\r\n \t<li>Dispute los cargos: Contacte a su banco o compa\u00f1\u00eda de tarjeta de cr\u00e9dito para disputar los cargos. Proporcione toda la informaci\u00f3n posible, como prueba de compra y prueba de su intento de devolver el producto falsificado para un reembolso.<\/li>\r\n<\/ul>\r\n<strong>\u00bfD\u00f3nde puedo encontrar productos aut\u00e9nticos de ITouch Relief?<\/strong>\r\n\r\nLos productos aut\u00e9nticos de ITouch Relief est\u00e1n disponibles en itouchrelief.com y en nuestras ubicaciones de minoristas autorizados. Si no est\u00e1 seguro, env\u00edenos un correo electr\u00f3nico a <a href=\"mailto:info@itouchrelief.com\">info@itouchrelief.com<\/a> para confirmar la autenticidad del producto.\r\n\r\nTenga cuidado con anuncios fraudulentos en eBay, Facebook e Instagram:\r\n\r\nHay anuncios y listados fraudulentos en eBay, Facebook e Instagram que ofrecen productos ITouch Relief falsificados o no autorizados. Estos pueden ser estafas de tarjetas de cr\u00e9dito o productos previamente no autorizados no cubiertos por nuestra garant\u00eda est\u00e1ndar. No compre de estas fuentes. Estamos trabajando activamente para cerrarlas.\r\n\r\nReporte anuncios fraudulentos: Env\u00edenos una captura de pantalla y, si es posible, el dominio falsificado a <a href=\"mailto:support@itouchrelief.com\">support@itouchrelief.com<\/a>. Necesitamos esta informaci\u00f3n para reportar los anuncios fraudulentos a Facebook\/Instagram.\r\n\r\n<strong>\u00bfEs aut\u00e9ntico un producto encontrado en un sitio de subastas, sitio de ventas flash o minorista de descuentos?<\/strong>\r\n\r\nITouch Relief proh\u00edbe a sus distribuidores autorizados vender en mercados en l\u00ednea como eBay, Overstock y Walmart, as\u00ed como en tiendas f\u00edsicas de descuento como Costco y Sam&#8217;s Club. No podemos garantizar la autenticidad de los productos comprados en estas plataformas o tiendas.\r\n\r\nLos mercados en l\u00ednea y sitios de subastas a menudo no garantizan la autenticidad de los productos que albergan. Frecuentemente encontramos productos ITouch Relief falsificados en estos sitios, incluso listados que usan nuestras im\u00e1genes y descripciones de productos.\r\n\r\nPara productos aut\u00e9nticos de ITouch Relief, compre en itouchrelief.com o en nuestros distribuidores mayoristas autorizados. Env\u00edenos un correo electr\u00f3nico a <a href=\"mailto:info@itouchrelief.com\">info@itouchrelief.com<\/a> para encontrar un minorista autorizado en su \u00e1rea.\r\n\r\n&nbsp;\t\t\t\t\t\t\t\t<\/div>\n\t\t\t\t<\/div>\n\t\t\t\t\t<\/div>\n\t\t\t\t<\/div>\n\t\t\t\t<\/div>\n\t\t","protected":false},"excerpt":{"rendered":"<p>Garant\u00eda REGISTRO DEL DISPOSITIVO RECLAMACI\u00d3N DE GARANT\u00cdA Cobertura de la Garant\u00eda Nuestra garant\u00eda del fabricante aplica a clientes en Estados [&hellip;]<\/p>\n","protected":false},"author":1,"featured_media":0,"parent":0,"menu_order":0,"comment_status":"closed","ping_status":"closed","template":"","meta":{"site-sidebar-layout":"no-sidebar","site-content-layout":"","ast-site-content-layout":"full-width-container","site-content-style":"default","site-sidebar-style":"default","ast-global-header-display":"","ast-banner-title-visibility":"","ast-main-header-display":"","ast-hfb-above-header-display":"","ast-hfb-below-header-display":"","ast-hfb-mobile-header-display":"","site-post-title":"disabled","ast-breadcrumbs-content":"","ast-featured-img":"disabled","footer-sml-layout":"","ast-disable-related-posts":"","theme-transparent-header-meta":"","adv-header-id-meta":"","stick-header-meta":"","header-above-stick-meta":"","header-main-stick-meta":"","header-below-stick-meta":"","astra-migrate-meta-layouts":"default","ast-page-background-enabled":"default","ast-page-background-meta":{"desktop":{"background-color":"var(--ast-global-color-4)","background-image":"","background-repeat":"repeat","background-position":"center center","background-size":"auto","background-attachment":"scroll","background-type":"","background-media":"","overlay-type":"","overlay-color":"","overlay-opacity":"","overlay-gradient":""},"tablet":{"background-color":"","background-image":"","background-repeat":"repeat","background-position":"center center","background-size":"auto","background-attachment":"scroll","background-type":"","background-media":"","overlay-type":"","overlay-color":"","overlay-opacity":"","overlay-gradient":""},"mobile":{"background-color":"","background-image":"","background-repeat":"repeat","background-position":"center center","background-size":"auto","background-attachment":"scroll","background-type":"","background-media":"","overlay-type":"","overlay-color":"","overlay-opacity":"","overlay-gradient":""}},"ast-content-background-meta":{"desktop":{"background-color":"var(--ast-global-color-5)","background-image":"","background-repeat":"repeat","background-position":"center center","background-size":"auto","background-attachment":"scroll","background-type":"","background-media":"","overlay-type":"","overlay-color":"","overlay-opacity":"","overlay-gradient":""},"tablet":{"background-color":"var(--ast-global-color-5)","background-image":"","background-repeat":"repeat","background-position":"center center","background-size":"auto","background-attachment":"scroll","background-type":"","background-media":"","overlay-type":"","overlay-color":"","overlay-opacity":"","overlay-gradient":""},"mobile":{"background-color":"var(--ast-global-color-5)","background-image":"","background-repeat":"repeat","background-position":"center center","background-size":"auto","background-attachment":"scroll","background-type":"","background-media":"","overlay-type":"","overlay-color":"","overlay-opacity":"","overlay-gradient":""}},"footnotes":""},"class_list":["post-795","page","type-page","status-publish","hentry"],"_links":{"self":[{"href":"https:\/\/itouchrelief.com\/es\/wp-json\/wp\/v2\/pages\/795","targetHints":{"allow":["GET"]}}],"collection":[{"href":"https:\/\/itouchrelief.com\/es\/wp-json\/wp\/v2\/pages"}],"about":[{"href":"https:\/\/itouchrelief.com\/es\/wp-json\/wp\/v2\/types\/page"}],"author":[{"embeddable":true,"href":"https:\/\/itouchrelief.com\/es\/wp-json\/wp\/v2\/users\/1"}],"replies":[{"embeddable":true,"href":"https:\/\/itouchrelief.com\/es\/wp-json\/wp\/v2\/comments?post=795"}],"version-history":[{"count":1,"href":"https:\/\/itouchrelief.com\/es\/wp-json\/wp\/v2\/pages\/795\/revisions"}],"predecessor-version":[{"id":796,"href":"https:\/\/itouchrelief.com\/es\/wp-json\/wp\/v2\/pages\/795\/revisions\/796"}],"wp:attachment":[{"href":"https:\/\/itouchrelief.com\/es\/wp-json\/wp\/v2\/media?parent=795"}],"curies":[{"name":"wp","href":"https:\/\/api.w.org\/{rel}","templated":true}]}}